{"id":980,"date":"2024-10-24T23:34:56","date_gmt":"2024-10-24T21:34:56","guid":{"rendered":"https:\/\/www.heuriger-moser.at\/demo\/?page_id=980"},"modified":"2024-10-24T23:34:57","modified_gmt":"2024-10-24T21:34:57","slug":"datenschutzerklaerung-2","status":"publish","type":"page","link":"https:\/\/www.heuriger-moser.at\/website\/en\/datenschutzerklaerung-2\/","title":{"rendered":"Datenschutzerkl\u00e4rung"},"content":{"rendered":"<p class=\"has-normal-font-size wp-block-paragraph\"><strong>Wer wir sind<\/strong><\/p>\n\n\n\n<p class=\"has-normal-font-size wp-block-paragraph\">Die Adresse unserer Website ist: https:\/\/www.heuriger-moser.at\/.<\/p>\n\n\n\n<p class=\"has-normal-font-size wp-block-paragraph\"><strong>Medien<\/strong><\/p>\n\n\n\n<p class=\"has-normal-font-size wp-block-paragraph\">Wenn Sie ein registrierter Benutzer sind und Fotos auf diese Website laden, sollten Sie vermeiden, Fotos mit einem EXIF-GPS-Standort hochzuladen. Besucher dieser Website k\u00f6nnten Fotos, die auf dieser Website gespeichert sind, herunterladen und deren Standort-Informationen extrahieren.<\/p>\n\n\n\n<p class=\"has-normal-font-size wp-block-paragraph\"><strong>Cookies<\/strong><\/p>\n\n\n\n<p class=\"has-normal-font-size wp-block-paragraph\">Wenn Sie einen Kommentar auf unserer Website schreiben, kann das eine Einwilligung sein, Ihren Namen, E-Mail-Adresse und Website in Cookies zu speichern. Dies ist eine Komfortfunktion, damit Sie nicht, wenn Sie einen weiteren Kommentar schreiben, all diese Daten erneut eingeben m\u00fcssen. Diese Cookies werden ein Jahr lang gespeichert.<\/p>\n\n\n\n<p class=\"has-normal-font-size wp-block-paragraph\">Falls Sie ein Konto haben und Sie sich auf dieser Website anmelden, werden wir ein tempor\u00e4res Cookie setzen, um festzustellen, ob Ihr Browser Cookies akzeptiert. Dieses Cookie enth\u00e4lt keine personenbezogenen Daten und wird verworfen, wenn Sie Ihren Browser schlie\u00dfen.<\/p>\n\n\n\n<p class=\"has-normal-font-size wp-block-paragraph\">Wenn Sie sich anmelden, werden wir einige Cookies einrichten, um Ihre Anmeldeinformationen und Anzeigeoptionen zu speichern. Anmelde-Cookies verfallen nach zwei Tagen und Cookies f\u00fcr die Anzeigeoptionen nach einem Jahr. Falls Sie bei der Anmeldung \u201eAngemeldet bleiben\u201c ausw\u00e4hlen, wird Ihre Anmeldung zwei Wochen lang aufrechterhalten. Mit der Abmeldung aus Ihrem Konto werden die Anmelde-Cookies gel\u00f6scht.<\/p>\n\n\n\n<p class=\"has-normal-font-size wp-block-paragraph\">Wenn Sie einen Artikel bearbeiten oder ver\u00f6ffentlichen, wird ein zus\u00e4tzlicher Cookie in Ihrem Browser gespeichert. Dieser Cookie enth\u00e4lt keine personenbezogenen Daten und verweist nur auf die Beitrags-ID des Artikels, den Sie gerade bearbeitet haben. Der Cookie verf\u00e4llt nach einem Tag.<\/p>\n\n\n\n<p class=\"has-normal-font-size wp-block-paragraph\"><strong>Eingebettete Inhalte von anderen Websites<\/strong><\/p>\n\n\n\n<p class=\"has-normal-font-size wp-block-paragraph\">Beitr\u00e4ge auf dieser Website k\u00f6nnen eingebettete Inhalte beinhalten (z.&nbsp;B. Videos, Bilder, Beitr\u00e4ge etc.). Eingebettete Inhalte von anderen Websites verhalten sich exakt so, als ob der Besucher die andere Website besucht h\u00e4tte.<\/p>\n\n\n\n<p class=\"has-normal-font-size wp-block-paragraph\">Diese Websites k\u00f6nnen Daten \u00fcber Sie sammeln, Cookies benutzen, zus\u00e4tzliche Tracking-Dienste von Dritten einbetten und Ihre Interaktion mit diesem eingebetteten Inhalt aufzeichnen, inklusive Ihrer Interaktion mit dem eingebetteten Inhalt, falls Sie ein Konto haben und auf dieser Website angemeldet sind.<\/p>\n\n\n\n<p class=\"has-normal-font-size wp-block-paragraph\"><strong>Mit wem wir Ihre Daten teilen<\/strong><\/p>\n\n\n\n<p class=\"has-normal-font-size wp-block-paragraph\">Wenn Sie eine Zur\u00fccksetzung des Passworts beantragen, wird Ihre IP-Adresse in der E-Mail zur Zur\u00fccksetzung enthalten sein.<\/p>\n\n\n\n<p class=\"has-normal-font-size wp-block-paragraph\"><strong>Wie lange wir Ihre Daten speichern<\/strong><\/p>\n\n\n\n<p class=\"has-normal-font-size wp-block-paragraph\">Wenn Sie einen Kommentar schreiben, wird dieser inklusive Metadaten zeitlich unbegrenzt gespeichert. Auf diese Art k\u00f6nnen wir Folgekommentare automatisch erkennen und freigeben, anstatt sie in einer Moderations-Warteschlange festzuhalten.<\/p>\n\n\n\n<p class=\"has-normal-font-size wp-block-paragraph\">F\u00fcr Benutzer, die sich auf unserer Website registrieren, speichern wir zus\u00e4tzlich die pers\u00f6nlichen Informationen, die sie in ihren Benutzerprofilen angeben. Alle Benutzer k\u00f6nnen jederzeit ihre pers\u00f6nlichen Informationen einsehen, ver\u00e4ndern oder l\u00f6schen (der Benutzername kann nicht ver\u00e4ndert werden). Administratoren der Website k\u00f6nnen diese Informationen ebenfalls einsehen und ver\u00e4ndern.<\/p>\n\n\n\n<p class=\"has-normal-font-size wp-block-paragraph\"><strong>Welche Rechte Sie an Ihren Daten haben<\/strong><\/p>\n\n\n\n<p class=\"has-normal-font-size wp-block-paragraph\">Wenn Sie ein Konto auf dieser Website besitzen oder Kommentare geschrieben haben, k\u00f6nnen Sie einen Export Ihrer personenbezogenen Daten bei uns anfordern, inklusive aller Daten, die Sie uns mitgeteilt haben. Dar\u00fcber hinaus k\u00f6nnen Sie die L\u00f6schung aller personenbezogenen Daten, die wir von Ihnen gespeichert haben, anfordern. Dies umfasst nicht die Daten, die wir aufgrund administrativer, rechtlicher oder sicherheitsrelevanter Notwendigkeiten aufbewahren m\u00fcssen.<\/p>\n\n\n\n<p class=\"has-normal-font-size wp-block-paragraph\"><strong>Wohin Ihre Daten gesendet werden<\/strong><\/p>\n\n\n\n<p class=\"has-normal-font-size wp-block-paragraph\">Besucher-Kommentare k\u00f6nnten von einem automatisierten Dienst zur Spam-Erkennung untersucht werden.<\/p>\n\n\n\n<p class=\"has-normal-font-size wp-block-paragraph\"><strong>Online-Shop<\/strong><\/p>\n\n\n\n<p class=\"has-normal-font-size wp-block-paragraph\">Wir sammeln Informationen \u00fcber Sie w\u00e4hrend des Bestellvorgangs in unserem Shop.<\/p>\n\n\n\n<p class=\"has-normal-font-size wp-block-paragraph\"><strong>Was wir sammeln und speichern<\/strong><\/p>\n\n\n\n<p class=\"has-normal-font-size wp-block-paragraph\">W\u00e4hrend Sie unsere Website besuchen, zeichnen wir auf:<\/p>\n\n\n\n<ul class=\"wp-block-list nb-list list-bullet-style is-style-no-connection sm-palette-1 sm-color-signal-0\" style=\"--nb-list-start-at:NaN;--nb-list-items-count:1\" data-palette=\"1\" data-palette-variation=\"1\" data-color-signal=\"0\">\n<li>Angesehene Produkte: Hier zeigen wir Ihnen Produkte, die Sie vor Kurzem angesehen haben.<\/li>\n\n\n\n<li>Standort, IP-Adresse und Browser: Wir verwenden dies f\u00fcr Zwecke wie die Sch\u00e4tzung von Steuern und Versandkosten<\/li>\n\n\n\n<li>Versandadresse: Wir werden Sie auffordern, diese anzugeben, um beispielsweise die Versandkosten bestimmen zu k\u00f6nnen, bevor Sie eine Bestellung aufgeben, und Ihnen die Bestellung zusenden zu k\u00f6nnen.<\/li>\n<\/ul>\n\n\n\n<p class=\"has-normal-font-size wp-block-paragraph\">Wir nutzen auch Cookies, um den Inhalt Ihres Warenkorbs zu verfolgen, w\u00e4hrend Sie unsere Website besuchen.<\/p>\n\n\n\n<p class=\"has-normal-font-size wp-block-paragraph\">Wenn Sie bei uns einkaufen, werden wir Sie auffordern, Informationen wie Ihren Namen, Ihre Rechnungs- und Versandadresse, Ihre E-Mail-Adresse und Ihre Telefonnummer, Kreditkartendaten\/Zahlungsdetails sowie optionale Kontoinformationen wie Benutzername und Kennwort anzugeben. Wir nutzen diese Informationen f\u00fcr folgende Zwecke:<\/p>\n\n\n\n<ul class=\"wp-block-list nb-list list-bullet-style is-style-no-connection sm-palette-1 sm-color-signal-0\" style=\"--nb-list-start-at:NaN;--nb-list-items-count:1\" data-palette=\"1\" data-palette-variation=\"1\" data-color-signal=\"0\">\n<li>Zusenden von Informationen \u00fcber Ihr Konto und Ihre Bestellung<\/li>\n\n\n\n<li>Antwort auf Ihre Anfragen, inklusive Erstattungen und Beschwerden<\/li>\n\n\n\n<li>Bearbeitung von Zahlungsvorg\u00e4ngen und Verhinderung von Betrug<\/li>\n\n\n\n<li>Richten Sie Ihr Konto f\u00fcr unseren Shop ein<\/li>\n\n\n\n<li>Einhaltung aller rechtlichen Verpflichtungen, beispielsweise die Steuerberechnung<\/li>\n\n\n\n<li>Verbesserung unsere Shop-Angebote<\/li>\n\n\n\n<li>Senden von Marketing-Nachrichten, wenn Sie diese erhalten m\u00f6chten<\/li>\n<\/ul>\n\n\n\n<p class=\"has-normal-font-size wp-block-paragraph\">Wenn Sie ein Konto bei uns erstellen, speichern wir Ihren Namen, Ihre Adresse, Ihre E-Mail-Adresse und Ihre Telefonnummer. Diese Angaben werden bei k\u00fcnftigen Bestellungen zum Ausf\u00fcllen der Bezahlinformationen verwendet.<\/p>\n\n\n\n<p class=\"has-normal-font-size wp-block-paragraph\">Wir speichern Informationen \u00fcber Sie \u00fcblicherweise so lange, wie wir sie f\u00fcr den Zweck der Erfassung und Nutzung ben\u00f6tigen und verpflichtet sind, sie zu speichern. Dazu geh\u00f6rt Ihr Name, ihre E-Mail-Adresse sowie Ihre Rechnungs- und Versandadresse.<\/p>\n\n\n\n<p class=\"has-normal-font-size wp-block-paragraph\">Wir speichern auch Kommentare oder Bewertungen, wenn Sie sich dazu entscheidest, diese zu hinterlassen.<\/p>\n\n\n\n<p class=\"has-normal-font-size wp-block-paragraph\"><strong>Wer aus unserem Team hat Zugang<\/strong><\/p>\n\n\n\n<p class=\"has-normal-font-size wp-block-paragraph\">Mitglieder unseres Teams haben Zugang zu den Informationen, die Sie uns zur Verf\u00fcgung stellen. Zum Beispiel k\u00f6nnen sowohl Administratoren als auch Shop-Manager auf Folgendes zugreifen:<\/p>\n\n\n\n<ul class=\"wp-block-list nb-list list-bullet-style is-style-no-connection sm-palette-1 sm-color-signal-0\" style=\"--nb-list-start-at:NaN;--nb-list-items-count:1\" data-palette=\"1\" data-palette-variation=\"1\" data-color-signal=\"0\">\n<li>Bestellinformationen wie gekaufte Produkte, der Zeitpunkt des Kaufs sowie die Versandadresse und<\/li>\n\n\n\n<li>Kundeninformationen wie Ihren Namen, Ihre E-Mail-Adresse sowie Rechnungs- und Versandinformationen.<\/li>\n<\/ul>\n\n\n\n<p class=\"has-normal-font-size wp-block-paragraph\">Unsere Teammitglieder haben Zugriff auf diese Informationen, um Bestellungen zu bearbeiten, R\u00fcckerstattungen vorzunehmen und Sie zu unterst\u00fctzen.<\/p>\n\n\n\n<p class=\"has-normal-font-size wp-block-paragraph\"><strong>Was wir mit anderen teilen<\/strong><\/p>\n\n\n\n<p class=\"has-normal-font-size wp-block-paragraph\">Wir teilen Informationen mit Dritten, die uns helfen, Ihnen unsere Bestellungen und Dienstleistungen anzubieten.<\/p>\n\n\n\n<p class=\"has-normal-font-size wp-block-paragraph\"><strong>Reservierungen<\/strong><\/p>\n\n\n\n<p class=\"has-normal-font-size wp-block-paragraph\">Wenn Sie eine Reservierungsanfrage senden speichern wir Ihre Daten wie Name und Email-Adresse um die Anfrage zu beantworten.<\/p>","protected":false},"excerpt":{"rendered":"<p>Wer wir sind Die Adresse unserer Website ist: https:\/\/www.heuriger-moser.at\/. Medien Wenn Sie ein registrierter Benutzer sind und Fotos auf diese Website laden, sollten Sie vermeiden, [&hellip;]<\/p>","protected":false},"author":1,"featured_media":0,"parent":0,"menu_order":0,"comment_status":"closed","ping_status":"closed","template":"","meta":{"_crdt_document":"","novablocks_hero_scroll_indicator":false,"novablocks_hero_position_indicators":false,"supernova_prevent_duplicate":false,"jetpack_post_was_ever_published":false,"footnotes":""},"class_list":["post-980","page","type-page","status-publish","hentry"],"jetpack_sharing_enabled":true,"_links":{"self":[{"href":"https:\/\/www.heuriger-moser.at\/website\/en\/wp-json\/wp\/v2\/pages\/980","targetHints":{"allow":["GET"]}}],"collection":[{"href":"https:\/\/www.heuriger-moser.at\/website\/en\/wp-json\/wp\/v2\/pages"}],"about":[{"href":"https:\/\/www.heuriger-moser.at\/website\/en\/wp-json\/wp\/v2\/types\/page"}],"author":[{"embeddable":true,"href":"https:\/\/www.heuriger-moser.at\/website\/en\/wp-json\/wp\/v2\/users\/1"}],"replies":[{"embeddable":true,"href":"https:\/\/www.heuriger-moser.at\/website\/en\/wp-json\/wp\/v2\/comments?post=980"}],"version-history":[{"count":1,"href":"https:\/\/www.heuriger-moser.at\/website\/en\/wp-json\/wp\/v2\/pages\/980\/revisions"}],"predecessor-version":[{"id":981,"href":"https:\/\/www.heuriger-moser.at\/website\/en\/wp-json\/wp\/v2\/pages\/980\/revisions\/981"}],"wp:attachment":[{"href":"https:\/\/www.heuriger-moser.at\/website\/en\/wp-json\/wp\/v2\/media?parent=980"}],"curies":[{"name":"wp","href":"https:\/\/api.w.org\/{rel}","templated":true}]}}