{"id":499,"date":"2024-09-14T12:06:02","date_gmt":"2024-09-14T10:06:02","guid":{"rendered":"https:\/\/www.heuriger-moser.at\/demo\/?post_type=product&#038;p=499"},"modified":"2024-11-12T11:23:02","modified_gmt":"2024-11-12T10:23:02","slug":"weinviertel-dac-reserve-2019","status":"publish","type":"product","link":"https:\/\/www.heuriger-moser.at\/website\/en\/product\/weinviertel-dac-reserve-2019\/","title":{"rendered":"6x Gr\u00fcner Veltliner &#8211; Gro\u00dfe Reserve 2021"},"content":{"rendered":"<p>Ein facettenreicher Duft; w\u00fcrzig, cremig, mineralisch mit feinem Bukett;<br \/>\nharmonischer Abgang &#8211; gut lagerf\u00e4hig.<\/p>","protected":false},"excerpt":{"rendered":"<p>Ein facettenreicher Duft; w\u00fcrzig, cremig, mineralisch mit feinem Bukett; harmonischer Abgang &#8211; gut lagerf\u00e4hig.<\/p>","protected":false},"featured_media":740,"template":"","meta":{"_crdt_document":"","novablocks_hero_scroll_indicator":false,"novablocks_hero_position_indicators":false,"supernova_prevent_duplicate":false,"jetpack_post_was_ever_published":false},"product_brand":[],"product_cat":[17],"product_tag":[18,19],"class_list":{"0":"post-499","1":"product","2":"type-product","3":"status-publish","4":"has-post-thumbnail","6":"product_cat-weisswein","7":"product_tag-gruener-veltliner","8":"product_tag-weisswein","10":"first","11":"instock","12":"taxable","13":"shipping-taxable","14":"purchasable","15":"product-type-simple"},"group_of_quantity":0,"min_quantity":0,"max_quantity":"","exclude_order_quantity_value_rules":"no","exclude_category_quantity_rules":"no","combine_variations":"no","jetpack_sharing_enabled":true,"_links":{"self":[{"href":"https:\/\/www.heuriger-moser.at\/website\/en\/wp-json\/wp\/v2\/product\/499","targetHints":{"allow":["GET"]}}],"collection":[{"href":"https:\/\/www.heuriger-moser.at\/website\/en\/wp-json\/wp\/v2\/product"}],"about":[{"href":"https:\/\/www.heuriger-moser.at\/website\/en\/wp-json\/wp\/v2\/types\/product"}],"wp:featuredmedia":[{"embeddable":true,"href":"https:\/\/www.heuriger-moser.at\/website\/en\/wp-json\/wp\/v2\/media\/740"}],"wp:attachment":[{"href":"https:\/\/www.heuriger-moser.at\/website\/en\/wp-json\/wp\/v2\/media?parent=499"}],"wp:term":[{"taxonomy":"product_brand","embeddable":true,"href":"https:\/\/www.heuriger-moser.at\/website\/en\/wp-json\/wp\/v2\/product_brand?post=499"},{"taxonomy":"product_cat","embeddable":true,"href":"https:\/\/www.heuriger-moser.at\/website\/en\/wp-json\/wp\/v2\/product_cat?post=499"},{"taxonomy":"product_tag","embeddable":true,"href":"https:\/\/www.heuriger-moser.at\/website\/en\/wp-json\/wp\/v2\/product_tag?post=499"}],"curies":[{"name":"wp","href":"https:\/\/api.w.org\/{rel}","templated":true}]}}