{"id":507,"date":"2024-10-02T12:14:56","date_gmt":"2024-10-02T10:14:56","guid":{"rendered":"https:\/\/www.heuriger-moser.at\/demo\/?post_type=product&#038;p=507"},"modified":"2025-04-28T11:10:09","modified_gmt":"2025-04-28T09:10:09","slug":"gemischter-satz-2022","status":"publish","type":"product","link":"https:\/\/www.heuriger-moser.at\/website\/en\/product\/gemischter-satz-2022\/","title":{"rendered":"6x Gemischter Satz 2024"},"content":{"rendered":"<p>Der Pfirsichduft umh\u00fcllt das knackig feinw\u00fcrzige und doch mineralische Bukett; eine Trilogie von Gelber Muskateller, Riesling und dem klassischem Gr\u00fcnen Veltliner.<\/p>","protected":false},"excerpt":{"rendered":"<p>Der Pfirsichduft umh\u00fcllt das knackig feinw\u00fcrzige und doch mineralische Bukett; eine Trilogie von Gelber Muskateller, Riesling und dem klassischem Gr\u00fcnen Veltliner.<\/p>","protected":false},"featured_media":739,"template":"","meta":{"_crdt_document":"","novablocks_hero_scroll_indicator":false,"novablocks_hero_position_indicators":false,"supernova_prevent_duplicate":false,"jetpack_post_was_ever_published":false},"product_brand":[],"product_cat":[17],"product_tag":[58,19],"class_list":{"0":"post-507","1":"product","2":"type-product","3":"status-publish","4":"has-post-thumbnail","6":"product_cat-weisswein","7":"product_tag-gemischter-satz","8":"product_tag-weisswein","10":"first","11":"instock","12":"taxable","13":"shipping-taxable","14":"purchasable","15":"product-type-simple"},"group_of_quantity":0,"min_quantity":0,"max_quantity":"","exclude_order_quantity_value_rules":"no","exclude_category_quantity_rules":"no","combine_variations":"no","jetpack_sharing_enabled":true,"_links":{"self":[{"href":"https:\/\/www.heuriger-moser.at\/website\/en\/wp-json\/wp\/v2\/product\/507","targetHints":{"allow":["GET"]}}],"collection":[{"href":"https:\/\/www.heuriger-moser.at\/website\/en\/wp-json\/wp\/v2\/product"}],"about":[{"href":"https:\/\/www.heuriger-moser.at\/website\/en\/wp-json\/wp\/v2\/types\/product"}],"wp:featuredmedia":[{"embeddable":true,"href":"https:\/\/www.heuriger-moser.at\/website\/en\/wp-json\/wp\/v2\/media\/739"}],"wp:attachment":[{"href":"https:\/\/www.heuriger-moser.at\/website\/en\/wp-json\/wp\/v2\/media?parent=507"}],"wp:term":[{"taxonomy":"product_brand","embeddable":true,"href":"https:\/\/www.heuriger-moser.at\/website\/en\/wp-json\/wp\/v2\/product_brand?post=507"},{"taxonomy":"product_cat","embeddable":true,"href":"https:\/\/www.heuriger-moser.at\/website\/en\/wp-json\/wp\/v2\/product_cat?post=507"},{"taxonomy":"product_tag","embeddable":true,"href":"https:\/\/www.heuriger-moser.at\/website\/en\/wp-json\/wp\/v2\/product_tag?post=507"}],"curies":[{"name":"wp","href":"https:\/\/api.w.org\/{rel}","templated":true}]}}