{"id":524,"date":"2024-08-31T09:21:44","date_gmt":"2024-08-31T07:21:44","guid":{"rendered":"https:\/\/www.heuriger-moser.at\/demo\/?post_type=product&#038;p=524"},"modified":"2024-11-07T16:28:12","modified_gmt":"2024-11-07T15:28:12","slug":"st-laurent-2018","status":"publish","type":"product","link":"https:\/\/www.heuriger-moser.at\/website\/en\/product\/st-laurent-2018\/","title":{"rendered":"6x Sankt Laurent 2022"},"content":{"rendered":"<p>Ein Wein mit feinfruchtigem Weichselaroma, w\u00fcrzigem Bukett und zartherben, ausgewogenem K\u00f6rper;<br \/>\nsch\u00f6ner violetter Schimmer, lang und angenehm w\u00fcrzig im Abgang<\/p>","protected":false},"excerpt":{"rendered":"<p>Ein Wein mit feinfruchtigem Weichselaroma, w\u00fcrzigem Bukett und zartherben, ausgewogenem K\u00f6rper; sch\u00f6ner violetter Schimmer, lang und angenehm w\u00fcrzig im Abgang<\/p>","protected":false},"featured_media":392,"template":"","meta":{"_crdt_document":"","novablocks_hero_scroll_indicator":false,"novablocks_hero_position_indicators":false,"supernova_prevent_duplicate":false,"jetpack_post_was_ever_published":false},"product_brand":[],"product_cat":[60],"product_tag":[61,63],"class_list":{"0":"post-524","1":"product","2":"type-product","3":"status-publish","4":"has-post-thumbnail","6":"product_cat-rotwein","7":"product_tag-rotwein","8":"product_tag-st-laurent","10":"first","11":"instock","12":"taxable","13":"shipping-taxable","14":"purchasable","15":"product-type-simple"},"group_of_quantity":0,"min_quantity":0,"max_quantity":"","exclude_order_quantity_value_rules":"no","exclude_category_quantity_rules":"no","combine_variations":"no","jetpack_sharing_enabled":true,"_links":{"self":[{"href":"https:\/\/www.heuriger-moser.at\/website\/en\/wp-json\/wp\/v2\/product\/524","targetHints":{"allow":["GET"]}}],"collection":[{"href":"https:\/\/www.heuriger-moser.at\/website\/en\/wp-json\/wp\/v2\/product"}],"about":[{"href":"https:\/\/www.heuriger-moser.at\/website\/en\/wp-json\/wp\/v2\/types\/product"}],"wp:featuredmedia":[{"embeddable":true,"href":"https:\/\/www.heuriger-moser.at\/website\/en\/wp-json\/wp\/v2\/media\/392"}],"wp:attachment":[{"href":"https:\/\/www.heuriger-moser.at\/website\/en\/wp-json\/wp\/v2\/media?parent=524"}],"wp:term":[{"taxonomy":"product_brand","embeddable":true,"href":"https:\/\/www.heuriger-moser.at\/website\/en\/wp-json\/wp\/v2\/product_brand?post=524"},{"taxonomy":"product_cat","embeddable":true,"href":"https:\/\/www.heuriger-moser.at\/website\/en\/wp-json\/wp\/v2\/product_cat?post=524"},{"taxonomy":"product_tag","embeddable":true,"href":"https:\/\/www.heuriger-moser.at\/website\/en\/wp-json\/wp\/v2\/product_tag?post=524"}],"curies":[{"name":"wp","href":"https:\/\/api.w.org\/{rel}","templated":true}]}}