{"id":440,"date":"2024-08-30T10:37:40","date_gmt":"2024-08-30T08:37:40","guid":{"rendered":"https:\/\/www.heuriger-moser.at\/demo\/?page_id=440"},"modified":"2024-10-24T23:57:22","modified_gmt":"2024-10-24T21:57:22","slug":"impressum","status":"publish","type":"page","link":"https:\/\/www.heuriger-moser.at\/website\/impressum\/","title":{"rendered":"Impressum"},"content":{"rendered":"\n<div class=\"wp-block-group sm-palette-1 sm-variation-1 sm-color-signal-0 is-layout-constrained wp-block-group-is-layout-constrained\" style=\"--nb-emphasis-top-spacing:0;--nb-emphasis-bottom-spacing:0;--nb-block-top-spacing:1;--nb-block-bottom-spacing:3;--nb-block-zindex:0;--nb-card-content-area-width:50%;--nb-card-media-container-height:50px;--nb-card-content-padding-multiplier:0;--nb-card-media-padding-top:100%;--nb-card-media-object-fit:cover;--nb-card-media-padding-multiplier:0;--nb-card-layout-gap-modifier:0;--nb-min-height-fallback:0;--nb-minimum-container-height:0vh;--nb-spacing-modifier:1;--nb-spacing-multiplier-override:1;--nb-emphasis-area:100px\" data-palette=\"1\" data-palette-variation=\"1\" data-color-signal=\"0\">\n<h2 class=\"wp-block-heading has-normal-font-size\">Impressum<\/h2>\n\n\n\n<p class=\"has-normal-font-size wp-block-paragraph\">F\u00fcr den Inhalt verantwortlich:<br>Familie Moser<br>Klein Engersdorfer Hauptstra\u00dfe 82<br>2102 Klein Engersdorf<\/p>\n\n\n\n<p class=\"has-normal-font-size wp-block-paragraph\">Gestaltung:<br><a href=\"https:\/\/web.archive.org\/web\/20240302195625\/mailto:stefan_huber@gmx.at\">Stefan Huber&nbsp;<\/a><\/p>\n\n\n\n<p class=\"has-normal-font-size wp-block-paragraph\"><br><br>Erkl\u00e4rung zur Informationspflicht<br>(Datenschutzerkl\u00e4rung)<\/p>\n\n\n\n<p class=\"has-normal-font-size wp-block-paragraph\">Der Schutz Ihrer pers\u00f6nlichen Daten ist uns ein besonderes Anliegen. Wir verarbeiten Ihre Daten daher ausschlie\u00dflich auf Grundlage der gesetzlichen Bestimmungen (DSGVO, TKG2003). In diesen Datenschutzinformationen informieren wir Sie \u00fcber die wichtigsten Aspekte der Datenverarbeitung im Rahmen unserer Direct- und Newsletterwerbung.<\/p>\n\n\n\n<p class=\"has-normal-font-size wp-block-paragraph\">Kontakt mit uns<br>Wenn Sie per Email Kontakt mit uns aufnehmen, werden Ihre angegebenen Daten zwecks Bearbeitung der Anfrage f\u00fcr die Dauer dieser gespeichert. Diese Daten geben wir nicht ohne Ihre Einwilligung weiter.<\/p>\n\n\n\n<p class=\"has-normal-font-size wp-block-paragraph\">Newsletter und Werbesendungen<br>Mit Ihren Angaben auf unserer Homepage oder unserem Kundenkartenfolder, haben Sie sich bereit erkl\u00e4rt, Newsletter und Directmailings von uns zu erhalten. Den Newsletter oder unsere Werbesendungen k\u00f6nnen Sie jederzeit stornieren. Senden Sie Ihre Stornierung bitte an folgenden E-Mail Adresse:&nbsp;info@heuriger-moser.at. Wir l\u00f6schen anschlie\u00dfend umgehend Ihre Daten im Zusammenhang mit dem Newsletter- oder Directmailingversand.<\/p>\n\n\n\n<p class=\"has-normal-font-size wp-block-paragraph\">Ihre Rechte<br>Ihnen stehen grunds\u00e4tzlich die Rechte auf Auskunft, Berichtigung, L\u00f6schung, Einschr\u00e4nkung, Daten\u00fcbertragbarkeit, Widerruf und Widerspruch zu. Wenn Sie glauben, dass die Verarbeitung Ihrer Daten gegen das Datenschutzrecht verst\u00f6\u00dft oder Ihre datenschutzrechtlichen Anspr\u00fcche sonst in einer Weise verletzt worden sind, k\u00f6nnen Sie sich bei der Aufsichtsbeh\u00f6rde beschweren. In \u00d6sterreich ist dies die Datenschutzbeh\u00f6rde.<\/p>\n\n\n\n<p class=\"has-normal-font-size wp-block-paragraph\">Ausf\u00fchrlichere Informationen erhalten Sie in unserer <a href=\"https:\/\/www.heuriger-moser.at\/demo\/datenschutzerklaerung-2\/\" data-type=\"page\" data-id=\"980\">Datenschutzerkl\u00e4rung<\/a><\/p>\n<\/div>\n\n\n<p>[gzd_complaints]<\/p>","protected":false},"excerpt":{"rendered":"<p>Impressum F\u00fcr den Inhalt verantwortlich:Familie MoserKlein Engersdorfer Hauptstra\u00dfe 822102 Klein Engersdorf Gestaltung:Stefan Huber&nbsp; Erkl\u00e4rung zur Informationspflicht(Datenschutzerkl\u00e4rung) Der Schutz Ihrer pers\u00f6nlichen Daten ist uns ein besonderes [&hellip;]<\/p>\n","protected":false},"author":1,"featured_media":0,"parent":0,"menu_order":0,"comment_status":"closed","ping_status":"closed","template":"","meta":{"_crdt_document":"","novablocks_hero_scroll_indicator":true,"novablocks_hero_position_indicators":true,"supernova_prevent_duplicate":false,"jetpack_post_was_ever_published":false,"footnotes":""},"class_list":["post-440","page","type-page","status-publish","hentry"],"jetpack_sharing_enabled":true,"_links":{"self":[{"href":"https:\/\/www.heuriger-moser.at\/website\/wp-json\/wp\/v2\/pages\/440","targetHints":{"allow":["GET"]}}],"collection":[{"href":"https:\/\/www.heuriger-moser.at\/website\/wp-json\/wp\/v2\/pages"}],"about":[{"href":"https:\/\/www.heuriger-moser.at\/website\/wp-json\/wp\/v2\/types\/page"}],"author":[{"embeddable":true,"href":"https:\/\/www.heuriger-moser.at\/website\/wp-json\/wp\/v2\/users\/1"}],"replies":[{"embeddable":true,"href":"https:\/\/www.heuriger-moser.at\/website\/wp-json\/wp\/v2\/comments?post=440"}],"version-history":[{"count":5,"href":"https:\/\/www.heuriger-moser.at\/website\/wp-json\/wp\/v2\/pages\/440\/revisions"}],"predecessor-version":[{"id":983,"href":"https:\/\/www.heuriger-moser.at\/website\/wp-json\/wp\/v2\/pages\/440\/revisions\/983"}],"wp:attachment":[{"href":"https:\/\/www.heuriger-moser.at\/website\/wp-json\/wp\/v2\/media?parent=440"}],"curies":[{"name":"wp","href":"https:\/\/api.w.org\/{rel}","templated":true}]}}