{"id":500,"date":"2024-09-18T11:07:10","date_gmt":"2024-09-18T09:07:10","guid":{"rendered":"https:\/\/www.heuriger-moser.at\/demo\/?post_type=product&#038;p=500"},"modified":"2024-11-12T11:21:41","modified_gmt":"2024-11-12T10:21:41","slug":"riesling-reserve-2021","status":"publish","type":"product","link":"https:\/\/www.heuriger-moser.at\/website\/produkt\/riesling-reserve-2021\/","title":{"rendered":"6x Riesling halbtrocken"},"content":{"rendered":"<p>Der mineralisch gepr\u00e4gte Riesling pr\u00e4sentiert sich mit dichtem Bouquet, die zarte Rests\u00fc\u00dfe rundet ihn harmonisch ab.<\/p>\n","protected":false},"excerpt":{"rendered":"<p>Der mineralisch gepr\u00e4gte Riesling pr\u00e4sentiert sich mit dichtem Bouquet, die zarte Rests\u00fc\u00dfe rundet ihn harmonisch ab.<\/p>\n","protected":false},"featured_media":734,"template":"","meta":{"_crdt_document":"","novablocks_hero_scroll_indicator":false,"novablocks_hero_position_indicators":false,"supernova_prevent_duplicate":false,"jetpack_post_was_ever_published":false},"product_brand":[],"product_cat":[17],"product_tag":[55,19],"class_list":{"0":"post-500","1":"product","2":"type-product","3":"status-publish","4":"has-post-thumbnail","6":"product_cat-weisswein","7":"product_tag-rheinriesling","8":"product_tag-weisswein","10":"first","11":"instock","12":"taxable","13":"shipping-taxable","14":"purchasable","15":"product-type-simple"},"group_of_quantity":0,"min_quantity":0,"max_quantity":"","exclude_order_quantity_value_rules":"no","exclude_category_quantity_rules":"no","combine_variations":"no","jetpack_sharing_enabled":true,"_links":{"self":[{"href":"https:\/\/www.heuriger-moser.at\/website\/wp-json\/wp\/v2\/product\/500","targetHints":{"allow":["GET"]}}],"collection":[{"href":"https:\/\/www.heuriger-moser.at\/website\/wp-json\/wp\/v2\/product"}],"about":[{"href":"https:\/\/www.heuriger-moser.at\/website\/wp-json\/wp\/v2\/types\/product"}],"wp:featuredmedia":[{"embeddable":true,"href":"https:\/\/www.heuriger-moser.at\/website\/wp-json\/wp\/v2\/media\/734"}],"wp:attachment":[{"href":"https:\/\/www.heuriger-moser.at\/website\/wp-json\/wp\/v2\/media?parent=500"}],"wp:term":[{"taxonomy":"product_brand","embeddable":true,"href":"https:\/\/www.heuriger-moser.at\/website\/wp-json\/wp\/v2\/product_brand?post=500"},{"taxonomy":"product_cat","embeddable":true,"href":"https:\/\/www.heuriger-moser.at\/website\/wp-json\/wp\/v2\/product_cat?post=500"},{"taxonomy":"product_tag","embeddable":true,"href":"https:\/\/www.heuriger-moser.at\/website\/wp-json\/wp\/v2\/product_tag?post=500"}],"curies":[{"name":"wp","href":"https:\/\/api.w.org\/{rel}","templated":true}]}}